{"id":118,"date":"2023-12-01T15:52:28","date_gmt":"2023-12-01T15:52:28","guid":{"rendered":"https:\/\/www.virtualassistantarrezina.com\/?page_id=118"},"modified":"2026-02-05T11:03:50","modified_gmt":"2026-02-05T11:03:50","slug":"algemene-voorwaarden","status":"publish","type":"page","link":"https:\/\/www.virtualassistantarrezina.com\/fr\/algemene-voorwaarden\/","title":{"rendered":"Conditions g\u00e9n\u00e9rales"},"content":{"rendered":"<p>[et_pb_section fb_built=&#8221;1&#8243; _builder_version=&#8221;4.22.2&#8243; _module_preset=&#8221;default&#8221; global_colors_info=&#8221;{}&#8221;][et_pb_row _builder_version=&#8221;4.27.5&#8243; _module_preset=&#8221;default&#8221;][et_pb_column _builder_version=&#8221;4.27.5&#8243; _module_preset=&#8221;default&#8221; type=&#8221;4_4&#8243;][et_pb_button button_text=&#8221;Download mijn algemene voorwaarden&#8221; _builder_version=&#8221;4.27.5&#8243; _module_preset=&#8221;default&#8221; button_url=&#8221;https:\/\/www.virtualassistantarrezina.com\/wp-content\/uploads\/2026\/02\/Algemene-voorwaarden-Virtual-assistant-Arrezina-.docx.pdf&#8221; hover_enabled=&#8221;0&#8243; sticky_enabled=&#8221;0&#8243; button_alignment=&#8221;center&#8221;][\/et_pb_button][\/et_pb_column][\/et_pb_row][et_pb_row _builder_version=&#8221;4.22.2&#8243; _module_preset=&#8221;default&#8221; global_colors_info=&#8221;{}&#8221;][et_pb_column type=&#8221;4_4&#8243; _builder_version=&#8221;4.22.2&#8243; _module_preset=&#8221;default&#8221; global_colors_info=&#8221;{}&#8221;][et_pb_text _builder_version=&#8221;4.27.5&#8243; _module_preset=&#8221;default&#8221; link_text_color=&#8221;#FF7631&#8243; header_text_color=&#8221;#F48F88&#8243; hover_enabled=&#8221;0&#8243; global_colors_info=&#8221;{}&#8221; sticky_enabled=&#8221;0&#8243;]<\/p>\n<h1><b>Algemene voorwaarden Virtual Assistant Arrezina<\/b><\/h1>\n<p><span style=\"font-weight: 400;\">Laatst bijgewerkt: 5 februari 2026<\/span><\/p>\n<p>&nbsp;<\/p>\n<p><b>1 &#8211; Definities<\/b><\/p>\n<p><span style=\"font-weight: 400;\">In deze algemene voorwaarden wordt verstaan onder:<\/span><\/p>\n<p><b>Virtual Assistant Arrezina<\/b><span style=\"font-weight: 400;\">, <\/span><b>ik<\/b><span style=\"font-weight: 400;\">, <\/span><b>mijn<\/b><span style=\"font-weight: 400;\">:<\/span><span style=\"font-weight: 400;\"><br \/><\/span><span style=\"font-weight: 400;\">Virtual Assistant Arrezina, gevestigd te 15 Rue de Buire, 62390 Haravesnes, Frankrijk, eigenaar van de website <\/span><a href=\"https:\/\/www.virtualassistantarrezina.com\"><span style=\"font-weight: 400;\">https:\/\/www.virtualassistantarrezina.com<\/span><\/a><span style=\"font-weight: 400;\">\u00a0<\/span><\/p>\n<p><b>Klant<\/b><span style=\"font-weight: 400;\">, <\/span><b>opdrachtgever<\/b><span style=\"font-weight: 400;\">, <\/span><b>u<\/b><span style=\"font-weight: 400;\">, <\/span><b>uw<\/b><span style=\"font-weight: 400;\">:<\/span><span style=\"font-weight: 400;\"><br \/><\/span><span style=\"font-weight: 400;\">de natuurlijke persoon of rechtspersoon die gebruikmaakt van mijn diensten.<\/span><\/p>\n<p><b>Diensten<\/b><span style=\"font-weight: 400;\">:<\/span><span style=\"font-weight: 400;\"><br \/><\/span><span style=\"font-weight: 400;\">alle door mij geleverde werkzaamheden in het kader van virtuele ondersteuning, waaronder (niet-limitatief): e-mailmarketing, automatisaties, website-onderhoud, systeemopzet, vertalingen, office management en aanverwante ondersteunende diensten.<\/span><\/p>\n<p>&nbsp;<\/p>\n<p><b>2 &#8211; Toepasselijkheid<\/b><\/p>\n<p><span style=\"font-weight: 400;\">2.1 Deze algemene voorwaarden zijn van toepassing op alle offertes, overeenkomsten en diensten van Virtual Assistant Arrezina.<\/span><\/p>\n<p><span style=\"font-weight: 400;\">2.2 Afwijkingen van deze voorwaarden zijn enkel geldig indien zij uitdrukkelijk en schriftelijk zijn overeengekomen.<\/span><\/p>\n<p><span style=\"font-weight: 400;\">2.3 De toepasselijkheid van eventuele algemene voorwaarden van de Klant wordt uitdrukkelijk uitgesloten.<\/span><\/p>\n<p>&nbsp;<\/p>\n<p><b>3 &#8211; Totstandkoming van de overeenkomst<\/b><\/p>\n<p><span style=\"font-weight: 400;\">3.1 Een overeenkomst komt tot stand zodra:<\/span><\/p>\n<ul>\n<li style=\"font-weight: 400;\" aria-level=\"1\"><span style=\"font-weight: 400;\">een offerte schriftelijk wordt aanvaard;<\/span><\/li>\n<li style=\"font-weight: 400;\" aria-level=\"1\"><span style=\"font-weight: 400;\">een schriftelijke bevestiging per e-mail wordt gegeven; of<\/span><\/li>\n<li style=\"font-weight: 400;\" aria-level=\"1\"><span style=\"font-weight: 400;\">een inschrijving gebeurt via een online formulier.<\/span><\/li>\n<\/ul>\n<p><span style=\"font-weight: 400;\">3.2 Offertes zijn vrijblijvend en geldig gedurende 14 dagen, tenzij anders vermeld.<\/span><\/p>\n<p><span style=\"font-weight: 400;\">3.3 Kennelijke fouten of vergissingen in een offerte binden mij niet.<\/span><\/p>\n<p><span style=\"font-weight: 400;\">3.4 Overeenkomsten zijn persoonlijk en niet overdraagbaar aan derden zonder mijn schriftelijke toestemming.<\/span><\/p>\n<p>&nbsp;<\/p>\n<p><b>4 &#8211; Uitvoering van de diensten<\/b><\/p>\n<p><span style=\"font-weight: 400;\">4.1 Mijn dienstverlening betreft steeds een <\/span><b>inspanningsverbintenis<\/b><span style=\"font-weight: 400;\">, geen resultaatsverbintenis.<\/span><\/p>\n<p><span style=\"font-weight: 400;\">4.2 Ik voer mijn opdrachten uit naar beste inzicht, vermogen en professionaliteit, op basis van de informatie die door de Klant wordt aangeleverd.<\/span><\/p>\n<p><span style=\"font-weight: 400;\">4.3 De Klant is verantwoordelijk voor het tijdig en correct aanleveren van alle nodige informatie, materialen en toegangen.<\/span><\/p>\n<p><span style=\"font-weight: 400;\">4.4 Vertragingen of fouten die ontstaan door onvolledige of laattijdige informatie kunnen mij niet worden aangerekend.<\/span><\/p>\n<p><span style=\"font-weight: 400;\">4.5 De Klant verleent Virtual Assistant Arrezina tijdig en correct toegang tot de systemen, tools en accounts die nodig zijn voor de uitvoering van de diensten. De Klant blijft te allen tijde verantwoordelijk voor het beheer, de beveiliging en het intrekken van deze toegangen.<\/span><\/p>\n<p><span style=\"font-weight: 400;\">Virtual Assistant Arrezina is niet aansprakelijk voor schade die ontstaat door onjuiste toegangsrechten, foutieve instellingen, onvoldoende beveiliging of het niet tijdig intrekken van toegangen door de Klant.<\/span><\/p>\n<p><span style=\"font-weight: 400;\">4.6 Indien de Klant wachtwoorden of inloggegevens verstrekt (via e-mail, berichten, wachtwoordmanager of account-synchronisatie), gebeurt dit uitsluitend met het oog op de uitvoering van de overeengekomen diensten.<\/span><\/p>\n<p><span style=\"font-weight: 400;\">De Klant blijft verantwoordelijk voor:<\/span><\/p>\n<ul>\n<li style=\"font-weight: 400;\" aria-level=\"1\"><span style=\"font-weight: 400;\">de rechtmatigheid van het delen van deze gegevens;<\/span><\/li>\n<li style=\"font-weight: 400;\" aria-level=\"1\"><span style=\"font-weight: 400;\">de beveiliging van zijn accounts;<\/span><\/li>\n<li style=\"font-weight: 400;\" aria-level=\"1\"><span style=\"font-weight: 400;\">het tijdig wijzigen of intrekken van toegangsrechten.<\/span><\/li>\n<\/ul>\n<p><span style=\"font-weight: 400;\">Virtual Assistant Arrezina kan niet aansprakelijk worden gesteld voor datalekken, beveiligingsincidenten of misbruik die hun oorsprong vinden in systemen of tools van de Klant of derden.<\/span><\/p>\n<p>&nbsp;<\/p>\n<p><b>5 &#8211; Prijzen en betaling<\/b><\/p>\n<p><span style=\"font-weight: 400;\">5.1 Alle prijzen zijn exclusief btw. Virtual Assistant Arrezina is niet btw-plichtig volgens de Franse regelgeving.<\/span><\/p>\n<p><span style=\"font-weight: 400;\">5.2 Betaling is verschuldigd binnen 14 dagen na factuurdatum, tenzij anders overeengekomen.<\/span><\/p>\n<p><span style=\"font-weight: 400;\">5.3 Bij niet-tijdige betaling behoud ik mij het recht voor om mijn werkzaamheden op te schorten tot volledige betaling is ontvangen.<\/span><\/p>\n<p><span style=\"font-weight: 400;\">5.4 Bij laattijdige betaling worden van rechtswege de wettelijke incassokosten van \u20ac40 aangerekend.<\/span><\/p>\n<p><span style=\"font-weight: 400;\">5.5 Indien betaling uitblijft na herinnering, wordt een nalatigheidsinterest van 10% op het openstaande bedrag aangerekend.<\/span><\/p>\n<p><span style=\"font-weight: 400;\">5.6 Prijzen kunnen periodiek worden herzien en aangepast. De Klant wordt hier minstens 1 maand op voorhand van op de hoogte gebracht, met de mogelijkheid om de samenwerking stop te zetten.\u00a0<\/span><\/p>\n<p><span style=\"font-weight: 400;\">5.7 Bij opschorting van werkzaamheden wegens niet-tijdige betaling worden overeengekomen deadlines automatisch opgeschort. Virtual Assistant Arrezina is niet aansprakelijk voor schade of vertraging die hieruit voortvloeit.<\/span><\/p>\n<p>&nbsp;<\/p>\n<p><b>6 &#8211; Strippenkaarten en abonnementen<\/b><\/p>\n<p><span style=\"font-weight: 400;\">6.1 Strippenkaarten zijn geldig gedurende <\/span><b>3 maanden<\/b><span style=\"font-weight: 400;\"> vanaf de datum van eerste betaling.<\/span><\/p>\n<p><span style=\"font-weight: 400;\">6.2 Niet-opgenomen uren vervallen na afloop van de geldigheidsduur.<\/span><\/p>\n<p><span style=\"font-weight: 400;\">6.3 Abonnementen hebben een minimale looptijd van <\/span><b>3 maanden<\/b><span style=\"font-weight: 400;\">, met een opzegtermijn van <\/span><b>1 maand<\/b><span style=\"font-weight: 400;\">.<\/span><\/p>\n<p><span style=\"font-weight: 400;\">6.4 Tussentijdse be\u00ebindiging geeft geen recht op terugbetaling.<\/span><\/p>\n<p>&nbsp;<\/p>\n<p><b>7 &#8211; Intellectuele eigendom<\/b><\/p>\n<p><span style=\"font-weight: 400;\">7.1 Alle intellectuele eigendomsrechten op door mij ontwikkelde of gebruikte materialen blijven exclusief bij Virtual Assistant Arrezina.<\/span><\/p>\n<p><span style=\"font-weight: 400;\">7.2 Het is niet toegestaan om deze materialen te kopi\u00ebren, verspreiden of commercieel te gebruiken zonder voorafgaande schriftelijke toestemming.<\/span><\/p>\n<p>&nbsp;<\/p>\n<p><b>8 &#8211; Geheimhouding en vertrouwelijkheid<\/b><\/p>\n<p><span style=\"font-weight: 400;\">8.1 Beide partijen zijn verplicht tot geheimhouding van vertrouwelijke informatie die zij in het kader van de overeenkomst verkrijgen.<\/span><\/p>\n<p><span style=\"font-weight: 400;\">8.2 Deze verplichting blijft gelden tot <\/span><b>3 jaar na be\u00ebindiging<\/b><span style=\"font-weight: 400;\"> van de overeenkomst.<\/span><\/p>\n<p><span style=\"font-weight: 400;\">8.3 Virtual Assistant Arrezina dient alle informatie verstrekt door de opdrachtgever in verband met deze overeenkomst of te weten gekomen tijdens de uitvoering van de overeenkomst (hierna \u2018Vertrouwelijke Informatie\u2019 genoemd) geheim te houden en deze niet te verspreiden aan derden, of voor andere doeleinden te gebruiken dan die vervat zijn in deze overeenkomst, behalve wanneer:<\/span><\/p>\n<ul>\n<li style=\"font-weight: 400;\" aria-level=\"1\"><span style=\"font-weight: 400;\">dit vereist is bij wettelijk, gerechtelijk of administratief bevel; of<\/span><\/li>\n<li style=\"font-weight: 400;\" aria-level=\"1\"><span style=\"font-weight: 400;\">enige informatie reeds in publiek domein bekend is, of<\/span><\/li>\n<li style=\"font-weight: 400;\" aria-level=\"1\"><span style=\"font-weight: 400;\">in de mate het noodzakelijk is om deze informatie te verstrekken aan zijn werknemers, aangestelden of\u00a0 onderaannemers met het oog op de uitvoering van deze Overeenkomst door \u00e9\u00e9n van de partijen, hun professionele raadgevers of\u00a0 hun verzekeringsagenten, in welk geval de werknemers, aangestelden, onderaannemers, raadgevers of verzekeringsagenten gehouden zijn de bepalingen van dit artikel na te leven.<\/span><\/li>\n<\/ul>\n<p><span style=\"font-weight: 400;\">8.4 In het kader van de uitvoering van de overeenkomst kan Virtual Assistant Arrezina persoonsgegevens verwerken in opdracht van de Klant.<\/span><\/p>\n<p><span style=\"font-weight: 400;\">De Klant garandeert dat:<\/span><\/p>\n<ul>\n<li style=\"font-weight: 400;\" aria-level=\"1\"><span style=\"font-weight: 400;\">de verstrekte persoonsgegevens rechtmatig zijn verkregen;<\/span><\/li>\n<li style=\"font-weight: 400;\" aria-level=\"1\"><span style=\"font-weight: 400;\">hij gerechtigd is deze gegevens te laten verwerken;<\/span><\/li>\n<li style=\"font-weight: 400;\" aria-level=\"1\"><span style=\"font-weight: 400;\">hij voldoet aan de toepasselijke privacywetgeving.<\/span><\/li>\n<\/ul>\n<p><span style=\"font-weight: 400;\">Virtual Assistant Arrezina verwerkt deze gegevens uitsluitend voor de uitvoering van de overeenkomst en handelt conform haar privacyverklaring, beschikbaar op de website.<\/span><\/p>\n<p><span style=\"font-weight: 400;\">8.5 Virtual Assistant Arrezina is gerechtigd gebruik te maken van externe tools en dienstverleners (zoals automatisatie-, communicatie- en softwaresystemen) voor de uitvoering van de diensten.<\/span><\/p>\n<p><span style=\"font-weight: 400;\">Virtual Assistant Arrezina kan niet aansprakelijk worden gesteld voor storingen, uitval, fouten of beperkingen veroorzaakt door deze externe partijen.<\/span><\/p>\n<p>&nbsp;<\/p>\n<p><b>9 &#8211; Aansprakelijkheid<\/b><\/p>\n<p><span style=\"font-weight: 400;\">9.1 Mijn aansprakelijkheid is beperkt tot directe schade en maximaal tot het bedrag van de overeenkomst.<\/span><\/p>\n<p><span style=\"font-weight: 400;\">9.2 Ik ben nooit aansprakelijk voor indirecte schade, gevolgschade of gederfde winst.<\/span><\/p>\n<p><span style=\"font-weight: 400;\">9.3 Virtual Assistant Arrezina\u00a0 kan niet verantwoordelijk worden gehouden voor schade, van welke aard ook, wanneer deze voortspruit uit, door of namens de opdrachtgever, onjuiste en\/of onvolledige verstrekte informatie.<\/span><\/p>\n<p><span style=\"font-weight: 400;\">9.4 Virtual Assistant Arrezina kan evenmin gehouden zijn voor niet behaalde resultaten.<\/span><\/p>\n<p><span style=\"font-weight: 400;\">9.5 Aansprakelijkheid vervalt \u00e9\u00e9n jaar na be\u00ebindiging van de overeenkomst.<\/span><\/p>\n<p><span style=\"font-weight: 400;\">9.6 In alle gevallen is de aansprakelijkheid van Virtual Assistant Arrezina beperkt tot het bedrag waarvoor haar aansprakelijkheidsverzekering dekking verleent.<\/span><\/p>\n<p>&nbsp;<\/p>\n<p><b>10 &#8211; Klachten<\/b><\/p>\n<p><span style=\"font-weight: 400;\">10.1 Klachten dienen binnen <\/span><b>14 dagen<\/b><span style=\"font-weight: 400;\"> na ontdekking schriftelijk te worden gemeld.<\/span><\/p>\n<p><span style=\"font-weight: 400;\">10.2 Ik zal klachten steeds zorgvuldig en vertrouwelijk behandelen.<\/span><\/p>\n<p><span style=\"font-weight: 400;\">10.3 Indien een klacht niet binnen de in dit artikel gestelde termijn wordt gemeld, vervalt het recht om hier later nog aanspraak op te maken.<\/span><\/p>\n<p><span style=\"font-weight: 400;\">Het verder gebruikmaken van de diensten door de Klant geldt als aanvaarding van de geleverde prestaties<\/span><\/p>\n<p>&nbsp;<\/p>\n<p><b>11 &#8211; Annulering en be\u00ebindiging<\/b><\/p>\n<p><span style=\"font-weight: 400;\">11.1 Annulering door de Klant dient schriftelijk te gebeuren.<\/span><\/p>\n<p><span style=\"font-weight: 400;\">11.2 Reeds uitgevoerde prestaties blijven volledig verschuldigd.<\/span><\/p>\n<p><span style=\"font-weight: 400;\">11.3 Bij voortijdige be\u00ebindiging van langdurige opdrachten geldt een opzegtermijn van <\/span><b>1 maand<\/b><span style=\"font-weight: 400;\">.<\/span><\/p>\n<p><span style=\"font-weight: 400;\">11.4 Het is de Klant niet toegestaan zijn rechten en verplichtingen uit deze overeenkomst over te dragen aan derden zonder voorafgaande schriftelijke toestemming van Virtual Assistant Arrezina.<\/span><\/p>\n<p>&nbsp;<\/p>\n<p><b>12 &#8211; Overmacht<\/b><\/p>\n<p><span style=\"font-weight: 400;\">12.1 In geval van overmacht ben ik gerechtigd mijn verplichtingen op te schorten.<\/span><\/p>\n<p><span style=\"font-weight: 400;\">12.2 Indien overmacht langer dan 3 maanden aanhoudt, kan de overeenkomst door beide partijen worden be\u00ebindigd zonder schadevergoeding.<\/span><\/p>\n<p>&nbsp;<\/p>\n<p><b>13 &#8211; Toepasselijk recht<\/b><\/p>\n<p><span style=\"font-weight: 400;\">13.1 Op deze overeenkomst is uitsluitend het <\/span><b>Franse recht<\/b><span style=\"font-weight: 400;\"> van toepassing.<\/span><\/p>\n<p><span style=\"font-weight: 400;\">13.2 Geschillen worden voorgelegd aan de bevoegde rechtbanken in Frankrijk.<\/span><\/p>\n<p>&nbsp;<\/p>\n<p><b>14 &#8211; Wijzigingen<\/b><\/p>\n<p><span style=\"font-weight: 400;\">14.1 Ik behoud mij het recht voor deze algemene voorwaarden te wijzigen.<\/span><\/p>\n<p><span style=\"font-weight: 400;\">14.2 De meest recente versie is steeds beschikbaar via mijn website.<\/span><\/p>\n<p><span style=\"font-weight: 400;\">14.3 Indien \u00e9\u00e9n of meerdere bepalingen van deze algemene voorwaarden geheel of gedeeltelijk nietig of ongeldig zouden blijken, blijven de overige bepalingen volledig van kracht. Partijen zullen de ongeldige bepaling vervangen door een bepaling die het doel en de strekking zo dicht mogelijk benadert.<\/span><\/p>\n<p>&nbsp;<\/p>\n<p><b>15 &#8211; Contact<\/b><\/p>\n<p><span style=\"font-weight: 400;\">Virtual Assistant Arrezina<\/span><span style=\"font-weight: 400;\"><br \/><\/span><span style=\"font-weight: 400;\">15 Rue de Buire, 62390 Haravesnes,\u00a0 Frankrijk<\/span><span style=\"font-weight: 400;\"><br \/><\/span><span style=\"font-weight: 400;\">E-mail: <\/span><a href=\"mailto:hello@virtualassistantarrezina.com\"><span style=\"font-weight: 400;\">hello@virtualassistantarrezina.com<\/span><\/a><\/p>\n<p>[\/et_pb_text][\/et_pb_column][\/et_pb_row][\/et_pb_section]<\/p>\n","protected":false},"excerpt":{"rendered":"<p>Algemene voorwaarden Virtual Assistant Arrezina Laatst bijgewerkt: 5 februari 2026 &nbsp; 1 &#8211; Definities In deze algemene voorwaarden wordt verstaan onder: Virtual Assistant Arrezina, ik, mijn:Virtual Assistant Arrezina, gevestigd te 15 Rue de Buire, 62390 Haravesnes, Frankrijk, eigenaar van de website https:\/\/www.virtualassistantarrezina.com\u00a0 Klant, opdrachtgever, u, uw:de natuurlijke persoon of rechtspersoon die gebruikmaakt van mijn diensten. [&hellip;]<\/p>\n","protected":false},"author":1,"featured_media":0,"parent":0,"menu_order":0,"comment_status":"closed","ping_status":"closed","template":"","meta":{"_et_pb_use_builder":"on","_et_pb_old_content":"","_et_gb_content_width":"","footnotes":""},"class_list":["post-118","page","type-page","status-publish","hentry"],"yoast_head":"<!-- This site is optimized with the Yoast SEO plugin v27.1.1 - https:\/\/yoast.com\/product\/yoast-seo-wordpress\/ -->\n<title>Algemene voorwaarden - Virtual Assistant Arrezina<\/title>\n<meta name=\"robots\" content=\"index, follow, max-snippet:-1, max-image-preview:large, max-video-preview:-1\" \/>\n<link rel=\"canonical\" href=\"https:\/\/www.virtualassistantarrezina.com\/fr\/algemene-voorwaarden\/\" \/>\n<meta property=\"og:locale\" content=\"fr_FR\" \/>\n<meta property=\"og:type\" content=\"article\" \/>\n<meta property=\"og:title\" content=\"Algemene voorwaarden - Virtual Assistant Arrezina\" \/>\n<meta property=\"og:description\" content=\"Algemene voorwaarden Virtual Assistant Arrezina Laatst bijgewerkt: 5 februari 2026 &nbsp; 1 - Definities In deze algemene voorwaarden wordt verstaan onder: Virtual Assistant Arrezina, ik, mijn:Virtual Assistant Arrezina, gevestigd te 15 Rue de Buire, 62390 Haravesnes, Frankrijk, eigenaar van de website https:\/\/www.virtualassistantarrezina.com\u00a0 Klant, opdrachtgever, u, uw:de natuurlijke persoon of rechtspersoon die gebruikmaakt van mijn diensten. [&hellip;]\" \/>\n<meta property=\"og:url\" content=\"https:\/\/www.virtualassistantarrezina.com\/fr\/algemene-voorwaarden\/\" \/>\n<meta property=\"og:site_name\" content=\"Virtual Assistant Arrezina\" \/>\n<meta property=\"article:modified_time\" content=\"2026-02-05T11:03:50+00:00\" \/>\n<meta name=\"twitter:card\" content=\"summary_large_image\" \/>\n<meta name=\"twitter:label1\" content=\"Dur\u00e9e de lecture estim\u00e9e\" \/>\n\t<meta name=\"twitter:data1\" content=\"7 minutes\" \/>\n<script type=\"application\/ld+json\" class=\"yoast-schema-graph\">{\"@context\":\"https:\/\/schema.org\",\"@graph\":[{\"@type\":\"WebPage\",\"@id\":\"https:\/\/www.virtualassistantarrezina.com\/algemene-voorwaarden\/\",\"url\":\"https:\/\/www.virtualassistantarrezina.com\/algemene-voorwaarden\/\",\"name\":\"Algemene voorwaarden - Virtual Assistant Arrezina\",\"isPartOf\":{\"@id\":\"https:\/\/www.virtualassistantarrezina.com\/#website\"},\"datePublished\":\"2023-12-01T15:52:28+00:00\",\"dateModified\":\"2026-02-05T11:03:50+00:00\",\"breadcrumb\":{\"@id\":\"https:\/\/www.virtualassistantarrezina.com\/algemene-voorwaarden\/#breadcrumb\"},\"inLanguage\":\"fr-FR\",\"potentialAction\":[{\"@type\":\"ReadAction\",\"target\":[\"https:\/\/www.virtualassistantarrezina.com\/algemene-voorwaarden\/\"]}]},{\"@type\":\"BreadcrumbList\",\"@id\":\"https:\/\/www.virtualassistantarrezina.com\/algemene-voorwaarden\/#breadcrumb\",\"itemListElement\":[{\"@type\":\"ListItem\",\"position\":1,\"name\":\"Home\",\"item\":\"https:\/\/www.virtualassistantarrezina.com\/\"},{\"@type\":\"ListItem\",\"position\":2,\"name\":\"Algemene voorwaarden\"}]},{\"@type\":\"WebSite\",\"@id\":\"https:\/\/www.virtualassistantarrezina.com\/#website\",\"url\":\"https:\/\/www.virtualassistantarrezina.com\/\",\"name\":\"Virtual Assistant Arrezina\",\"description\":\"Virtual Assistant Arrezina\",\"publisher\":{\"@id\":\"https:\/\/www.virtualassistantarrezina.com\/#\/schema\/person\/bd4c6192d7944e3c42e16a680cf6b46d\"},\"potentialAction\":[{\"@type\":\"SearchAction\",\"target\":{\"@type\":\"EntryPoint\",\"urlTemplate\":\"https:\/\/www.virtualassistantarrezina.com\/?s={search_term_string}\"},\"query-input\":{\"@type\":\"PropertyValueSpecification\",\"valueRequired\":true,\"valueName\":\"search_term_string\"}}],\"inLanguage\":\"fr-FR\"},{\"@type\":[\"Person\",\"Organization\"],\"@id\":\"https:\/\/www.virtualassistantarrezina.com\/#\/schema\/person\/bd4c6192d7944e3c42e16a680cf6b46d\",\"name\":\"Arrezina\",\"image\":{\"@type\":\"ImageObject\",\"inLanguage\":\"fr-FR\",\"@id\":\"https:\/\/www.virtualassistantarrezina.com\/#\/schema\/person\/image\/\",\"url\":\"https:\/\/www.virtualassistantarrezina.com\/wp-content\/uploads\/2024\/04\/va-arrezina-logo-horizontaal-donkerroze-rgb-500px-w-144ppi.png\",\"contentUrl\":\"https:\/\/www.virtualassistantarrezina.com\/wp-content\/uploads\/2024\/04\/va-arrezina-logo-horizontaal-donkerroze-rgb-500px-w-144ppi.png\",\"width\":500,\"height\":174,\"caption\":\"Arrezina\"},\"logo\":{\"@id\":\"https:\/\/www.virtualassistantarrezina.com\/#\/schema\/person\/image\/\"},\"sameAs\":[\"https:\/\/www.virtualassistantarrezina.com\"]}]}<\/script>\n<!-- \/ Yoast SEO plugin. -->","yoast_head_json":{"title":"Algemene voorwaarden - Virtual Assistant Arrezina","robots":{"index":"index","follow":"follow","max-snippet":"max-snippet:-1","max-image-preview":"max-image-preview:large","max-video-preview":"max-video-preview:-1"},"canonical":"https:\/\/www.virtualassistantarrezina.com\/fr\/algemene-voorwaarden\/","og_locale":"fr_FR","og_type":"article","og_title":"Algemene voorwaarden - Virtual Assistant Arrezina","og_description":"Algemene voorwaarden Virtual Assistant Arrezina Laatst bijgewerkt: 5 februari 2026 &nbsp; 1 - Definities In deze algemene voorwaarden wordt verstaan onder: Virtual Assistant Arrezina, ik, mijn:Virtual Assistant Arrezina, gevestigd te 15 Rue de Buire, 62390 Haravesnes, Frankrijk, eigenaar van de website https:\/\/www.virtualassistantarrezina.com\u00a0 Klant, opdrachtgever, u, uw:de natuurlijke persoon of rechtspersoon die gebruikmaakt van mijn diensten. [&hellip;]","og_url":"https:\/\/www.virtualassistantarrezina.com\/fr\/algemene-voorwaarden\/","og_site_name":"Virtual Assistant Arrezina","article_modified_time":"2026-02-05T11:03:50+00:00","twitter_card":"summary_large_image","twitter_misc":{"Dur\u00e9e de lecture estim\u00e9e":"7 minutes"},"schema":{"@context":"https:\/\/schema.org","@graph":[{"@type":"WebPage","@id":"https:\/\/www.virtualassistantarrezina.com\/algemene-voorwaarden\/","url":"https:\/\/www.virtualassistantarrezina.com\/algemene-voorwaarden\/","name":"Algemene voorwaarden - Virtual Assistant Arrezina","isPartOf":{"@id":"https:\/\/www.virtualassistantarrezina.com\/#website"},"datePublished":"2023-12-01T15:52:28+00:00","dateModified":"2026-02-05T11:03:50+00:00","breadcrumb":{"@id":"https:\/\/www.virtualassistantarrezina.com\/algemene-voorwaarden\/#breadcrumb"},"inLanguage":"fr-FR","potentialAction":[{"@type":"ReadAction","target":["https:\/\/www.virtualassistantarrezina.com\/algemene-voorwaarden\/"]}]},{"@type":"BreadcrumbList","@id":"https:\/\/www.virtualassistantarrezina.com\/algemene-voorwaarden\/#breadcrumb","itemListElement":[{"@type":"ListItem","position":1,"name":"Home","item":"https:\/\/www.virtualassistantarrezina.com\/"},{"@type":"ListItem","position":2,"name":"Algemene voorwaarden"}]},{"@type":"WebSite","@id":"https:\/\/www.virtualassistantarrezina.com\/#website","url":"https:\/\/www.virtualassistantarrezina.com\/","name":"Virtual Assistant Arrezina,","description":"Virtual Assistant Arrezina,","publisher":{"@id":"https:\/\/www.virtualassistantarrezina.com\/#\/schema\/person\/bd4c6192d7944e3c42e16a680cf6b46d"},"potentialAction":[{"@type":"SearchAction","target":{"@type":"EntryPoint","urlTemplate":"https:\/\/www.virtualassistantarrezina.com\/?s={search_term_string}"},"query-input":{"@type":"PropertyValueSpecification","valueRequired":true,"valueName":"search_term_string"}}],"inLanguage":"fr-FR"},{"@type":["Person","Organization"],"@id":"https:\/\/www.virtualassistantarrezina.com\/#\/schema\/person\/bd4c6192d7944e3c42e16a680cf6b46d","name":"Arrezina","image":{"@type":"ImageObject","inLanguage":"fr-FR","@id":"https:\/\/www.virtualassistantarrezina.com\/#\/schema\/person\/image\/","url":"https:\/\/www.virtualassistantarrezina.com\/wp-content\/uploads\/2024\/04\/va-arrezina-logo-horizontaal-donkerroze-rgb-500px-w-144ppi.png","contentUrl":"https:\/\/www.virtualassistantarrezina.com\/wp-content\/uploads\/2024\/04\/va-arrezina-logo-horizontaal-donkerroze-rgb-500px-w-144ppi.png","width":500,"height":174,"caption":"Arrezina"},"logo":{"@id":"https:\/\/www.virtualassistantarrezina.com\/#\/schema\/person\/image\/"},"sameAs":["https:\/\/www.virtualassistantarrezina.com"]}]}},"_links":{"self":[{"href":"https:\/\/www.virtualassistantarrezina.com\/fr\/wp-json\/wp\/v2\/pages\/118","targetHints":{"allow":["GET"]}}],"collection":[{"href":"https:\/\/www.virtualassistantarrezina.com\/fr\/wp-json\/wp\/v2\/pages"}],"about":[{"href":"https:\/\/www.virtualassistantarrezina.com\/fr\/wp-json\/wp\/v2\/types\/page"}],"author":[{"embeddable":true,"href":"https:\/\/www.virtualassistantarrezina.com\/fr\/wp-json\/wp\/v2\/users\/1"}],"replies":[{"embeddable":true,"href":"https:\/\/www.virtualassistantarrezina.com\/fr\/wp-json\/wp\/v2\/comments?post=118"}],"version-history":[{"count":7,"href":"https:\/\/www.virtualassistantarrezina.com\/fr\/wp-json\/wp\/v2\/pages\/118\/revisions"}],"predecessor-version":[{"id":712,"href":"https:\/\/www.virtualassistantarrezina.com\/fr\/wp-json\/wp\/v2\/pages\/118\/revisions\/712"}],"wp:attachment":[{"href":"https:\/\/www.virtualassistantarrezina.com\/fr\/wp-json\/wp\/v2\/media?parent=118"}],"curies":[{"name":"wp","href":"https:\/\/api.w.org\/{rel}","templated":true}]}}